{"id":1182,"date":"2025-07-09T11:25:02","date_gmt":"2025-07-09T09:25:02","guid":{"rendered":"https:\/\/sigrist-logistics.com\/?page_id=1182"},"modified":"2025-07-09T12:16:40","modified_gmt":"2025-07-09T10:16:40","slug":"incoterms","status":"publish","type":"page","link":"https:\/\/sigrist-logistics.com\/en\/les-incoterms\/","title":{"rendered":"INCOTERMS"},"content":{"rendered":"<h2 class=\"wp-block-heading has-text-align-center\">MULTIMODAL INCOTERMS<\/h2>\n\n\n\n<p class=\"has-text-align-center\"><strong>AIR  \u2022 RAIL \u2022 MARITIME \u2022 ROAD<\/strong><br>Nomenclature of the different conditions of delivery of products between seller and buyer according to the risks and costs to be shared<\/p>\n\n\n\n<table id=\"tablepress-1\" class=\"tablepress tablepress-id-1 tbody-has-connected-cells\">\n<thead>\n<tr class=\"row-1\">\n\t<td class=\"column-1\"><\/td><th class=\"column-2\">Clauses<em><\/th><th class=\"column-3\">Transfer of Risks<\/em><\/th><th class=\"column-4\">Transfer of Cost<em><\/th>\n<\/tr>\n<\/thead>\n<tbody class=\"row-striping row-hover\">\n<tr class=\"row-2\">\n\t<td class=\"column-1\"><strong>EXW<strong><\/strong><\/td><td class=\"column-2\"><em>EX-Works<br \/>\n-<\/em><\/td><td colspan=\"2\" class=\"column-3\">Delivery of the goods to the seller&#039;s premises. The seller is not required to load the goods onto the buyer&#039;s vehicle.<\/td>\n<\/tr>\n<tr class=\"row-3\">\n\t<td class=\"column-1\"><strong>FCA<\/strong><\/strong><\/td><td class=\"column-2\"><em>Free Carrier<br \/>\n-<\/em><\/td><td colspan=\"2\" class=\"column-3\">Delivery of the goods to the carrier at the place designated by the seller<\/td>\n<\/tr>\n<tr class=\"row-4\">\n\t<td class=\"column-1\"><strong>CPT<strong><\/strong><\/td><td class=\"column-2\"><em>Carriage Paid To<br \/>\n-<\/em><\/td><td class=\"column-3\">Delivery of the goods to the first carrier<\/td><td class=\"column-4\">Arrival at destination without taxes <br \/>\nimport duty or insurance premium<\/td>\n<\/tr>\n<tr class=\"row-5\">\n\t<td class=\"column-1\"><strong>CIP<\/strong><\/strong><\/td><td class=\"column-2\"><em>Carriage Insurance Paid to<br \/>\n-<\/em><\/td><td class=\"column-3\">Delivery of the goods to the first carrier<\/td><td class=\"column-4\">Arrival at destination without taxes <br \/>\nimport, insurance premium paid<\/td>\n<\/tr>\n<tr class=\"row-6\">\n\t<td class=\"column-1\"><strong>DAP<strong><\/strong><\/td><td class=\"column-2\"><em>Delivered At Place<br \/>\n-<\/em><\/td><td class=\"column-3\">Delivery of the goods to the first carrier<\/td><td class=\"column-4\">Arrival at destination without taxes <br \/>\nimport (customs duties)<\/td>\n<\/tr>\n<tr class=\"row-7\">\n\t<td class=\"column-1\"><strong>DPU<\/strong><\/strong><\/td><td class=\"column-2\"><em>Delivered At place Unloaded<br \/>\n-<\/em><\/td><td class=\"column-3\">Delivery of the goods to the first carrier<\/td><td class=\"column-4\">Delivery of the goods to the first carrier<br \/>\nArrival at destination without unloading<\/td>\n<\/tr>\n<tr class=\"row-8\">\n\t<td class=\"column-1\"><strong>DD<strong>P<\/strong><\/td><td class=\"column-2\"><em>Delivered Duty Paid<br \/>\n-<\/em><\/td><td colspan=\"2\" class=\"column-3\">Provision of the goods cleared through customs at the agreed destination. Specify whether VAT or other duties are included or not.<\/td>\n<\/tr>\n<\/tbody>\n<\/table>\n<!-- #tablepress-1 from cache -->\n\n\n<figure class=\"wp-block-image size-large\"><img loading=\"lazy\" decoding=\"async\" width=\"1024\" height=\"710\" src=\"https:\/\/sigrist-logistics.com\/wp-content\/uploads\/2025\/07\/IncoMulti-1024x710.png\" alt=\"\" class=\"wp-image-1183\" srcset=\"https:\/\/sigrist-logistics.com\/wp-content\/uploads\/2025\/07\/IncoMulti-1024x710.png 1024w, https:\/\/sigrist-logistics.com\/wp-content\/uploads\/2025\/07\/IncoMulti-300x208.png 300w, https:\/\/sigrist-logistics.com\/wp-content\/uploads\/2025\/07\/IncoMulti-768x533.png 768w, https:\/\/sigrist-logistics.com\/wp-content\/uploads\/2025\/07\/IncoMulti-18x12.png 18w, https:\/\/sigrist-logistics.com\/wp-content\/uploads\/2025\/07\/IncoMulti.png 1394w\" sizes=\"auto, (max-width: 1024px) 100vw, 1024px\" \/><\/figure>\n\n\n\n<h2 class=\"wp-block-heading has-text-align-center\">MARITIME INCOTERMS<\/h2>\n\n\n\n<p class=\"has-text-align-center\">Nomenclature of the different conditions of delivery of products between seller and buyer according to the risks and costs to be shared<\/p>\n\n\n\n<table id=\"tablepress-2\" class=\"tablepress tablepress-id-2 tbody-has-connected-cells\">\n<thead>\n<tr class=\"row-1\">\n\t<td class=\"column-1\"><\/td><th class=\"column-2\">Clauses<em><\/th><th class=\"column-3\">Transfer of Risks<\/em><\/th><th class=\"column-4\">Transfer of Cost<em><\/th>\n<\/tr>\n<\/thead>\n<tbody class=\"row-striping row-hover\">\n<tr class=\"row-2\">\n\t<td class=\"column-1\"><strong>FAS<\/strong><\/td><td class=\"column-2\"><em>Free Alongside Ship<br \/>\n-<\/em><\/td><td colspan=\"2\" class=\"column-3\">Delivery of goods alongside the ship (quay or barge)<\/td>\n<\/tr>\n<tr class=\"row-3\">\n\t<td class=\"column-1\"><strong>FOB<\/strong><\/td><td class=\"column-2\"><em>Free On Board<br \/>\n-<\/em><\/td><td colspan=\"2\" class=\"column-3\">Delivery of the goods at the port and on board the ship designated by the seller<\/td>\n<\/tr>\n<tr class=\"row-4\">\n\t<td class=\"column-1\"><strong>CFR<\/strong><\/td><td class=\"column-2\"><em>Coast &amp; Freight<br \/>\n-<\/em><\/td><td class=\"column-3\">Delivery of goods on board ship<\/td><td class=\"column-4\">Arrival at destination without taxes <br \/>\nimport duty or insurance premium<\/td>\n<\/tr>\n<tr class=\"row-5\">\n\t<td class=\"column-1\"><strong>CIF<\/strong><\/td><td class=\"column-2\"><em>Coast Insurance &amp; Freight<br \/>\n-<\/em><\/td><td class=\"column-3\">Delivery of goods on board ship<\/td><td class=\"column-4\">Arrival at destination without taxes <br \/>\nimport, insurance premium paid<\/td>\n<\/tr>\n<\/tbody>\n<\/table>\n<!-- #tablepress-2 from cache -->\n\n\n<figure class=\"wp-block-image size-large\"><img loading=\"lazy\" decoding=\"async\" width=\"1024\" height=\"471\" src=\"https:\/\/sigrist-logistics.com\/wp-content\/uploads\/2025\/07\/IncoMaritim-1024x471.png\" alt=\"\" class=\"wp-image-1190\" srcset=\"https:\/\/sigrist-logistics.com\/wp-content\/uploads\/2025\/07\/IncoMaritim-1024x471.png 1024w, https:\/\/sigrist-logistics.com\/wp-content\/uploads\/2025\/07\/IncoMaritim-300x138.png 300w, https:\/\/sigrist-logistics.com\/wp-content\/uploads\/2025\/07\/IncoMaritim-768x353.png 768w, https:\/\/sigrist-logistics.com\/wp-content\/uploads\/2025\/07\/IncoMaritim-18x8.png 18w, https:\/\/sigrist-logistics.com\/wp-content\/uploads\/2025\/07\/IncoMaritim.png 1408w\" sizes=\"auto, (max-width: 1024px) 100vw, 1024px\" \/><\/figure>\n\n\n\n<div class=\"wp-block-buttons is-layout-flex wp-block-buttons-is-layout-flex\">\n<div class=\"wp-block-button\"><a class=\"wp-block-button__link wp-element-button\" href=\"https:\/\/sigrist-logistics.com\/wp-content\/uploads\/2025\/07\/LivretIncoGB.pdf\">download the page<\/a><\/div>\n<\/div>\n\n\n\n<p><\/p>","protected":false},"excerpt":{"rendered":"<p>MULTIMODAL INCOTERMS AIR \u2022 RAIL \u2022 MARITIME \u2022 ROAD TRANSPORT Nomenclature of the different conditions of delivery of products between seller and buyer according to the risks and costs to be shared MARITIME INCOTERMS Nomenclature of the different conditions of delivery of products between seller and buyer according to the risks and costs to be shared<\/p>","protected":false},"author":2,"featured_media":0,"parent":0,"menu_order":0,"comment_status":"closed","ping_status":"closed","template":"","meta":{"_uag_custom_page_level_css":"","site-sidebar-layout":"default","site-content-layout":"","ast-site-content-layout":"default","site-content-style":"default","site-sidebar-style":"default","ast-global-header-display":"","ast-banner-title-visibility":"","ast-main-header-display":"","ast-hfb-above-header-display":"","ast-hfb-below-header-display":"","ast-hfb-mobile-header-display":"","site-post-title":"","ast-breadcrumbs-content":"","ast-featured-img":"","footer-sml-layout":"","ast-disable-related-posts":"","theme-transparent-header-meta":"","adv-header-id-meta":"","stick-header-meta":"","header-above-stick-meta":"","header-main-stick-meta":"","header-below-stick-meta":"","astra-migrate-meta-layouts":"set","ast-page-background-enabled":"default","ast-page-background-meta":{"desktop":{"background-color":"","background-image":"","background-repeat":"repeat","background-position":"center center","background-size":"auto","background-attachment":"scroll","background-type":"","background-media":"","overlay-type":"","overlay-color":"","overlay-opacity":"","overlay-gradient":""},"tablet":{"background-color":"","background-image":"","background-repeat":"repeat","background-position":"center center","background-size":"auto","background-attachment":"scroll","background-type":"","background-media":"","overlay-type":"","overlay-color":"","overlay-opacity":"","overlay-gradient":""},"mobile":{"background-color":"","background-image":"","background-repeat":"repeat","background-position":"center center","background-size":"auto","background-attachment":"scroll","background-type":"","background-media":"","overlay-type":"","overlay-color":"","overlay-opacity":"","overlay-gradient":""}},"ast-content-background-meta":{"desktop":{"background-color":"var(--ast-global-color-5)","background-image":"","background-repeat":"repeat","background-position":"center center","background-size":"auto","background-attachment":"scroll","background-type":"","background-media":"","overlay-type":"","overlay-color":"","overlay-opacity":"","overlay-gradient":""},"tablet":{"background-color":"var(--ast-global-color-5)","background-image":"","background-repeat":"repeat","background-position":"center center","background-size":"auto","background-attachment":"scroll","background-type":"","background-media":"","overlay-type":"","overlay-color":"","overlay-opacity":"","overlay-gradient":""},"mobile":{"background-color":"var(--ast-global-color-5)","background-image":"","background-repeat":"repeat","background-position":"center center","background-size":"auto","background-attachment":"scroll","background-type":"","background-media":"","overlay-type":"","overlay-color":"","overlay-opacity":"","overlay-gradient":""}},"footnotes":""},"class_list":["post-1182","page","type-page","status-publish","hentry"],"uagb_featured_image_src":{"full":false,"thumbnail":false,"medium":false,"medium_large":false,"large":false,"1536x1536":false,"2048x2048":false,"trp-custom-language-flag":false},"uagb_author_info":{"display_name":"rockyway","author_link":"https:\/\/sigrist-logistics.com\/en\/author\/rockyway\/"},"uagb_comment_info":0,"uagb_excerpt":"INCOTERMS MULTIMODALES TRANSPORTS AERIEN \u2022 FERROVIAIRE \u2022 MARITIME \u2022 ROUTIERNomenclature des diff\u00e9rentes conditions de livraison de produits entre vendeur et acheteur en fonction des risques et frais \u00e0 r\u00e9partir INCOTERMS MARITIMES Nomenclature des diff\u00e9rentes conditions de livraison de produits entre vendeur et acheteur en fonction des risques et frais \u00e0 r\u00e9partir","_links":{"self":[{"href":"https:\/\/sigrist-logistics.com\/en\/wp-json\/wp\/v2\/pages\/1182","targetHints":{"allow":["GET"]}}],"collection":[{"href":"https:\/\/sigrist-logistics.com\/en\/wp-json\/wp\/v2\/pages"}],"about":[{"href":"https:\/\/sigrist-logistics.com\/en\/wp-json\/wp\/v2\/types\/page"}],"author":[{"embeddable":true,"href":"https:\/\/sigrist-logistics.com\/en\/wp-json\/wp\/v2\/users\/2"}],"replies":[{"embeddable":true,"href":"https:\/\/sigrist-logistics.com\/en\/wp-json\/wp\/v2\/comments?post=1182"}],"version-history":[{"count":5,"href":"https:\/\/sigrist-logistics.com\/en\/wp-json\/wp\/v2\/pages\/1182\/revisions"}],"predecessor-version":[{"id":1208,"href":"https:\/\/sigrist-logistics.com\/en\/wp-json\/wp\/v2\/pages\/1182\/revisions\/1208"}],"wp:attachment":[{"href":"https:\/\/sigrist-logistics.com\/en\/wp-json\/wp\/v2\/media?parent=1182"}],"curies":[{"name":"wp","href":"https:\/\/api.w.org\/{rel}","templated":true}]}}