{"id":495,"date":"2024-08-26T15:24:38","date_gmt":"2024-08-26T13:24:38","guid":{"rendered":"https:\/\/sigrist-logistics.com\/?page_id=495"},"modified":"2025-03-04T14:36:55","modified_gmt":"2025-03-04T13:36:55","slug":"about","status":"publish","type":"page","link":"https:\/\/sigrist-logistics.com\/en\/a-propos\/","title":{"rendered":"Who"},"content":{"rendered":"<div class=\"wp-block-uagb-container uagb-block-ea8750ae alignfull uagb-is-root-container\">\n<div class=\"wp-block-uagb-advanced-heading uagb-block-5d0596af\"><h1 class=\"uagb-heading-text\">Who ?<\/h1><\/div>\n<\/div>\n\n\n\n<div class=\"wp-block-uagb-container uagb-layout-flex uagb-block-32e874b4 alignfull uagb-is-root-container\"><div class=\"uagb-container-inner-blocks-wrap\">\n<div class=\"wp-block-uagb-container uagb-block-216ac356 alignfull uagb-is-root-container\"><div class=\"uagb-container-inner-blocks-wrap\">\n<div class=\"wp-block-uagb-image aligncenter uagb-block-974a4277 wp-block-uagb-image--layout-overlay wp-block-uagb-image--effect-zoomin wp-block-uagb-image--align-center\"><figure class=\"wp-block-uagb-image__figure\"><a class=\"\" href=\"https:\/\/sigrist-logistics.com\/en\/destinations\/\" target=\"\" rel=\"noopener\"><img decoding=\"async\" srcset=\"https:\/\/sigrist-logistics.com\/wp-content\/uploads\/2024\/09\/monde-1.png ,https:\/\/sigrist-logistics.com\/wp-content\/uploads\/2024\/09\/monde-1.png 780w, https:\/\/sigrist-logistics.com\/wp-content\/uploads\/2024\/09\/monde-1.png 360w\" sizes=\"auto, (max-width: 480px) 150px\" src=\"https:\/\/sigrist-logistics.com\/wp-content\/uploads\/2024\/09\/monde-1.png\" alt=\"\" class=\"uag-image-1095\" width=\"1600\" height=\"1195\" title=\"\" loading=\"lazy\" role=\"presentation\"\/><\/a><div class=\"wp-block-uagb-image--layout-overlay__color-wrapper\"><\/div><div class=\"wp-block-uagb-image--layout-overlay__inner center-center\"><a class=\"wp-block-uagb-image--layout-overlay-link\" href=\"https:\/\/sigrist-logistics.com\/en\/destinations\/\" target=\"\" rel=\"noopener\"><\/a><figcaption class=\"uagb-image-caption\"><strong>See the destinations covered<\/strong><\/figcaption><\/div><\/figure><\/div>\n<\/div><\/div>\n\n\n\n<div class=\"wp-block-uagb-container uagb-block-d0f03399 alignfull uagb-is-root-container\"><div class=\"uagb-container-inner-blocks-wrap\">\n<h4 class=\"wp-block-heading\" style=\"margin-top:0;margin-bottom:0;padding-top:0;padding-bottom:0\">50 years of experience<\/h4>\n\n\n\n<h2 class=\"wp-block-heading\" style=\"margin-top:0;padding-top:0;padding-bottom:0\">Knowing how to take risks and\u2026 control them<\/h2>\n\n\n\n<p style=\"margin-top:0;margin-bottom:0\">MD Sigrist Logistics specializes in the transport of goods to the countries we know best: <strong>the Maghreb, Egypt and the Near and Middle East.<\/strong> We also specialize in the <strong>freight of dangerous goods<\/strong> by mastering all national and international legislation related to this type of activity.&nbsp;<\/p>\n\n\n\n<p style=\"margin-top:0;margin-bottom:0\">At MD Sigrist Logistics, the transport of dangerous goods is first and foremost a family adventure. It began in <strong>1975<\/strong> through the expertise of Didier Sigrist, in the petrochemical and fine chemicals sector. It is now in the hands of his daughter Coralie, who has been his general manager for over 15 years at his side. <\/p>\n\n\n\n<p style=\"margin-top:0;margin-bottom:0\">This skill requires a <strong>rigorous training<\/strong> of our staff (IATA, IMDG, etc.) and imposes on us a <strong>permanent legal monitoring.&nbsp;<\/strong><\/p>\n<\/div><\/div>\n<\/div><\/div>\n\n\n\n<div class=\"wp-block-uagb-container uagb-block-6be40f00 alignfull uagb-is-root-container\"><div class=\"uagb-container-inner-blocks-wrap\">\n<h3 class=\"wp-block-heading\">To know the destinations we cover, click on the map&nbsp;<\/h3>\n\n\n\n<div class=\"wp-block-columns is-layout-flex wp-container-core-columns-is-layout-28f84493 wp-block-columns-is-layout-flex\" style=\"font-size:10px\">\n<div class=\"wp-block-column is-layout-flow wp-container-core-column-is-layout-fd134cff wp-block-column-is-layout-flow\" style=\"border-style:none;border-width:0px;padding-right:0;padding-left:0;flex-basis:20%\">\n<figure class=\"wp-block-gallery has-nested-images columns-default is-cropped wp-block-gallery-1 is-layout-flex wp-block-gallery-is-layout-flex\">\n<figure class=\"wp-block-image size-full\"><img loading=\"lazy\" decoding=\"async\" width=\"591\" height=\"507\" data-id=\"1164\" src=\"https:\/\/sigrist-logistics.com\/wp-content\/uploads\/2025\/03\/LogoFiata.png\" alt=\"\" class=\"wp-image-1164\" srcset=\"https:\/\/sigrist-logistics.com\/wp-content\/uploads\/2025\/03\/LogoFiata.png 591w, https:\/\/sigrist-logistics.com\/wp-content\/uploads\/2025\/03\/LogoFiata-300x257.png 300w, https:\/\/sigrist-logistics.com\/wp-content\/uploads\/2025\/03\/LogoFiata-14x12.png 14w\" sizes=\"auto, (max-width: 591px) 100vw, 591px\" \/><\/figure>\n\n\n\n<figure class=\"wp-block-image size-full\"><img loading=\"lazy\" decoding=\"async\" width=\"225\" height=\"225\" data-id=\"1160\" src=\"https:\/\/sigrist-logistics.com\/wp-content\/uploads\/2025\/03\/LogoIATA.png\" alt=\"\" class=\"wp-image-1160\" srcset=\"https:\/\/sigrist-logistics.com\/wp-content\/uploads\/2025\/03\/LogoIATA.png 225w, https:\/\/sigrist-logistics.com\/wp-content\/uploads\/2025\/03\/LogoIATA-150x150.png 150w, https:\/\/sigrist-logistics.com\/wp-content\/uploads\/2025\/03\/LogoIATA-12x12.png 12w\" sizes=\"auto, (max-width: 225px) 100vw, 225px\" \/><\/figure>\n<\/figure>\n<\/div>\n<\/div>\n\n\n\n<div class=\"wp-block-uagb-container uagb-layout-grid uagb-block-f4b0440c\">\n<div class=\"wp-block-uagb-info-box uagb-block-e7c5835b uagb-infobox__content-wrap  uagb-infobox-icon-above-title uagb-infobox-image-valign-top\"><div class=\"uagb-ifb-content\"><div class=\"uagb-ifb-title-wrap\"><h5 class=\"uagb-ifb-title-prefix\">MD Sigrist Logistics<\/h5><h2 class=\"uagb-ifb-title\">In a few figures<\/h2><\/div><\/div><\/div>\n\n\n\n<div class=\"wp-block-uagb-counter uagb-block-14824e59 wp-block-uagb-counter--number\"><div class=\"wp-block-uagb-counter__number\"><span class=\"uagb-counter-block-number\" data-duration=\"2\" data-to-value=\"50\" data-from-value=\"0\" data-delimiter=\",\"><\/span><\/div><div class=\"wp-block-uagb-counter__title\">years of experience<\/div><\/div>\n\n\n\n<div class=\"wp-block-uagb-counter uagb-block-604bbe6f wp-block-uagb-counter--number\"><div class=\"wp-block-uagb-counter__number\"><span class=\"uagb-counter-block-number\" data-duration=\"2\" data-to-value=\"250\" data-from-value=\"0\" data-delimiter=\",\"><\/span><span class=\"uagb-counter-block-suffix\">+<\/span><\/div><div class=\"wp-block-uagb-counter__title\">customers<\/div><\/div>\n\n\n\n<div class=\"wp-block-uagb-counter uagb-block-24a0b4ad wp-block-uagb-counter--number\"><div class=\"wp-block-uagb-counter__number\"><span class=\"uagb-counter-block-number\" data-duration=\"2\" data-to-value=\"20\" data-from-value=\"0\" data-delimiter=\" \"><\/span><\/div><div class=\"wp-block-uagb-counter__title\">countries served<\/div><\/div>\n<\/div>\n<\/div><\/div>\n\n\n\n<div class=\"wp-block-uagb-container uagb-block-f23a0510 alignfull uagb-is-root-container\"><div class=\"uagb-container-inner-blocks-wrap\">\n<div class=\"wp-block-uagb-info-box uagb-block-4fcae268 uagb-infobox__content-wrap  uagb-infobox-icon-above-title uagb-infobox-image-valign-top\"><div class=\"uagb-ifb-content\"><div class=\"uagb-ifb-title-wrap\"><h2 class=\"uagb-ifb-title\">Need a quote?<br>Make your request online!<\/h2><\/div><div class=\"uagb-ifb-button-wrapper wp-block-button\"><a href=\"\/en\/estimate\/\" class=\"uagb-infobox-cta-link wp-block-button__link\" target=\"_self\" rel=\"noopener noreferrer\" onclick=\"return true;\"><span class=\"uagb-inline-editing\">request for estimate<\/span><svg xmlns=\"https:\/\/www.w3.org\/2000\/svg\" viewbox=\"0 0 448 512\"><path d=\"M438.6 278.6l-160 160C272.4 444.9 264.2 448 256 448s-16.38-3.125-22.62-9.375c-12.5-12.5-12.5-32.75 0-45.25L338.8 288H32C14.33 288 .0016 273.7 .0016 256S14.33 224 32 224h306.8l-105.4-105.4c-12.5-12.5-12.5-32.75 0-45.25s32.75-12.5 45.25 0l160 160C451.1 245.9 451.1 266.1 438.6 278.6z\"><\/path><\/svg><\/a><\/div><\/div><\/div>\n<\/div><\/div>","protected":false},"excerpt":{"rendered":"<p>MD Sigrist Logistics is a transit company created in 2003. Created by Didier Sigrist, it specializes in the transport of dangerous goods but also machine tools to the Maghreb countries as well as Egypt.<\/p>","protected":false},"author":1,"featured_media":0,"parent":0,"menu_order":1,"comment_status":"closed","ping_status":"closed","template":"","meta":{"_uag_custom_page_level_css":"","site-sidebar-layout":"no-sidebar","site-content-layout":"plain-container","ast-site-content-layout":"normal-width-container","site-content-style":"unboxed","site-sidebar-style":"unboxed","ast-global-header-display":"","ast-banner-title-visibility":"","ast-main-header-display":"","ast-hfb-above-header-display":"","ast-hfb-below-header-display":"","ast-hfb-mobile-header-display":"","site-post-title":"disabled","ast-breadcrumbs-content":"","ast-featured-img":"disabled","footer-sml-layout":"","ast-disable-related-posts":"","theme-transparent-header-meta":"default","adv-header-id-meta":"","stick-header-meta":"","header-above-stick-meta":"","header-main-stick-meta":"","header-below-stick-meta":"","astra-migrate-meta-layouts":"set","ast-page-background-enabled":"default","ast-page-background-meta":{"desktop":{"background-color":"","background-image":"","background-repeat":"repeat","background-position":"center center","background-size":"auto","background-attachment":"scroll","background-type":"","background-media":"","overlay-type":"","overlay-color":"","overlay-opacity":"","overlay-gradient":""},"tablet":{"background-color":"","background-image":"","background-repeat":"repeat","background-position":"center center","background-size":"auto","background-attachment":"scroll","background-type":"","background-media":"","overlay-type":"","overlay-color":"","overlay-opacity":"","overlay-gradient":""},"mobile":{"background-color":"","background-image":"","background-repeat":"repeat","background-position":"center center","background-size":"auto","background-attachment":"scroll","background-type":"","background-media":"","overlay-type":"","overlay-color":"","overlay-opacity":"","overlay-gradient":""}},"ast-content-background-meta":{"desktop":{"background-color":"var(--ast-global-color-5)","background-image":"","background-repeat":"repeat","background-position":"center center","background-size":"auto","background-attachment":"scroll","background-type":"","background-media":"","overlay-type":"","overlay-color":"","overlay-opacity":"","overlay-gradient":""},"tablet":{"background-color":"var(--ast-global-color-5)","background-image":"","background-repeat":"repeat","background-position":"center center","background-size":"auto","background-attachment":"scroll","background-type":"","background-media":"","overlay-type":"","overlay-color":"","overlay-opacity":"","overlay-gradient":""},"mobile":{"background-color":"var(--ast-global-color-5)","background-image":"","background-repeat":"repeat","background-position":"center center","background-size":"auto","background-attachment":"scroll","background-type":"","background-media":"","overlay-type":"","overlay-color":"","overlay-opacity":"","overlay-gradient":""}},"footnotes":""},"class_list":["post-495","page","type-page","status-publish","hentry"],"uagb_featured_image_src":{"full":false,"thumbnail":false,"medium":false,"medium_large":false,"large":false,"1536x1536":false,"2048x2048":false,"trp-custom-language-flag":false},"uagb_author_info":{"display_name":"dfuzionadmin","author_link":"https:\/\/sigrist-logistics.com\/en\/author\/dfuzionadmin\/"},"uagb_comment_info":0,"uagb_excerpt":"MD Sigrist Logistics est une soci\u00e9t\u00e9 de transit cr\u00e9e en 2003. Cr\u00e9\u00e9e par Didier Sigrist, elle est sp\u00e9cialis\u00e9e dans le transport de marchandises dangereuses mais aussi de machine outil vers les pays du Maghreb ainsi que l'Egypte.","_links":{"self":[{"href":"https:\/\/sigrist-logistics.com\/en\/wp-json\/wp\/v2\/pages\/495","targetHints":{"allow":["GET"]}}],"collection":[{"href":"https:\/\/sigrist-logistics.com\/en\/wp-json\/wp\/v2\/pages"}],"about":[{"href":"https:\/\/sigrist-logistics.com\/en\/wp-json\/wp\/v2\/types\/page"}],"author":[{"embeddable":true,"href":"https:\/\/sigrist-logistics.com\/en\/wp-json\/wp\/v2\/users\/1"}],"replies":[{"embeddable":true,"href":"https:\/\/sigrist-logistics.com\/en\/wp-json\/wp\/v2\/comments?post=495"}],"version-history":[{"count":67,"href":"https:\/\/sigrist-logistics.com\/en\/wp-json\/wp\/v2\/pages\/495\/revisions"}],"predecessor-version":[{"id":1171,"href":"https:\/\/sigrist-logistics.com\/en\/wp-json\/wp\/v2\/pages\/495\/revisions\/1171"}],"wp:attachment":[{"href":"https:\/\/sigrist-logistics.com\/en\/wp-json\/wp\/v2\/media?parent=495"}],"curies":[{"name":"wp","href":"https:\/\/api.w.org\/{rel}","templated":true}]}}